{"id":6,"date":"2010-04-08T23:49:27","date_gmt":"2010-04-08T21:49:27","guid":{"rendered":"http:\/\/www.experienciadecliente.com\/?page_id=6"},"modified":"2018-04-10T16:59:37","modified_gmt":"2018-04-10T14:59:37","slug":"autores","status":"publish","type":"page","link":"http:\/\/experienciadecliente.com\/?page_id=6","title":{"rendered":"Autores"},"content":{"rendered":"<h2><a title=\"Alberto C\u00f3rdoba Lukkap Customer Experience\" href=\"https:\/\/www.linkedin.com\/in\/albertocordoba\/\">Alberto C\u00f3rdoba<\/a><\/h2>\n<p><strong>Socio-Director en <a title=\"Lukkap Customer Experience\" href=\"https:\/\/customerxperience.cx\/es\/\">Lukkap Customer Experience<\/a><\/strong><\/p>\n<ol>\n<li>Pionero en Experiencia de cliente, desde 2005<\/li>\n<li>Crecimiento medio de sus empresas clientes en 2014: +19% en ventas. Y el 100% de las que implantaron con Lukkap aumentaron ventas.<\/li>\n<li>Creaci\u00f3n y difusi\u00f3n de la metodolog\u00eda de Medici\u00f3n, mejora e implantaci\u00f3n de la experiencia de cliente.<\/li>\n<li>1er Premio DEC al Mejor Proyecto Customer Journey, con Ikea<\/li>\n<li>Satisfacci\u00f3n de clientes asignados en 2017: 9,0<\/li>\n<li>Ingeniero Industrial por ICAI y Digital Business Executive por el ISDI<\/li>\n<\/ol>\n<p><strong>alberto.cordoba@lukkap.com<\/strong><\/p>\n<p><a href=\"http:\/\/www.experienciadecliente.com\/wp-content\/uploads\/2010\/04\/more2.png\"><img loading=\"lazy\" decoding=\"async\" class=\"aligncenter size-medium wp-image-1548\" title=\"Alberto C\u00f3rdoba Lukkap\" src=\"http:\/\/www.experienciadecliente.com\/wp-content\/uploads\/2010\/04\/more2-259x300.png\" alt=\"\" width=\"259\" height=\"300\" srcset=\"http:\/\/experienciadecliente.com\/wp-content\/uploads\/2010\/04\/more2-259x300.png 259w, http:\/\/experienciadecliente.com\/wp-content\/uploads\/2010\/04\/more2.png 277w\" sizes=\"(max-width: 259px) 100vw, 259px\" \/><\/a><\/p>\n<h2><a title=\"Christian Pereira Lukkap Customer Experience\" href=\"https:\/\/www.linkedin.com\/in\/christian-pereira-3962b84b\/\">Christian Pereira<\/a><\/h2>\n<p><strong>Director en <a href=\"www.customerxperience.cx\"><strong> <\/strong><\/a><strong><a title=\"Lukkap Customer Experience\" href=\"https:\/\/customerxperience.cx\/es\/\">Lukkap Customer Experience<\/a><\/strong><\/strong><\/p>\n<ol>\n<li>Crecimiento medio de sus empresas clientes: 6 de 6 hubo incremento en ventas<\/li>\n<li>Creaci\u00f3n y difusi\u00f3n de la metodolog\u00eda de Transformaci\u00f3n de personas hacia el cliente<\/li>\n<li>Satisfacci\u00f3n de clientes asignados en 2017: 9,0<\/li>\n<\/ol>\n<p><strong><strong>christian.pereira@lukkap.com<\/strong><\/strong><\/p>\n<h2><a title=\"Mar\u00eda Hernanz Lukkap Customer Experience\" href=\"https:\/\/www.linkedin.com\/in\/mar%C3%ADa-hernanz-p%C3%A9rez-38931628\/\">Mar\u00eda Hernanz<\/a><\/h2>\n<p><strong>Directora Operaciones en <strong><a href=\"http:\/\/customerxperience.cx\/\"><strong> <\/strong><\/a><strong><a title=\"Lukkap Customer Experience\" href=\"https:\/\/customerxperience.cx\/es\/\">Lukkap Customer Experience<\/a><\/strong><\/strong><\/strong><\/p>\n<ol>\n<li>Experta mundial en Medici\u00f3n CX y autora del IMEX Banca y Retail<\/li>\n<li>Creaci\u00f3n y difusi\u00f3n de la metodolog\u00eda de Medici\u00f3n de experiencia de cliente (hechos y sensaciones por momento)<\/li>\n<li>1er Premio DEC al Mejor Proyecto Customer Journey, con Ikea<\/li>\n<li>Satisfacci\u00f3n de clientes asignados en 2017: 9,5<\/li>\n<\/ol>\n<p><strong>maria.hernanz@lukkap.com<\/strong><\/p>\n<p>&nbsp;<\/p>\n<h2><a href=\"https:\/\/www.linkedin.com\/in\/jes%C3%BAs-de-la-escosura-balb%C3%A1s-93383959\/\">Jes\u00fas de la Escosura<\/a><\/h2>\n<p><strong>Project Manager en\u00a0<a href=\"www.customerxperience.cx\"><strong> <\/strong><\/a><strong><a title=\"Lukkap Customer Experience\" href=\"https:\/\/customerxperience.cx\/es\/\">Lukkap Customer Experience<\/a><\/strong><\/strong><\/p>\n<ol>\n<li>Responsable del proyecto m\u00e1s pionero de transformaci\u00f3n CX en Espa\u00f1a<\/li>\n<li>Experto Transformaci\u00f3n de personas hacia el cliente<\/li>\n<li>Satisfacci\u00f3n de clientes asignados en 2017: 9,0<\/li>\n<\/ol>\n<p><strong>jesus.escosura@lukkap.com<\/strong><\/p>\n<p>&nbsp;<\/p>\n<h2>Cristina Colomo<\/h2>\n<p><strong>Project Manager en <strong><a href=\"https:\/\/customerxperience.cx\/es\/\">Lukkap Customer Experience<\/a><\/strong><\/strong><\/p>\n<ol>\n<li>Satisfacci\u00f3n de clientes asignados en 2017: 9,7<\/li>\n<li>Experta en Innovaci\u00f3n y CX Digital<\/li>\n<\/ol>\n<p><strong>cristina.colomo@lukkap.com<\/strong><\/p>\n<p><strong><br \/>\n<\/strong><\/p>\n<p><strong><strong><br \/>\n<\/strong><\/strong><\/p>\n","protected":false},"excerpt":{"rendered":"<p>Alberto C\u00f3rdoba Socio-Director en Lukkap Customer Experience Pionero en Experiencia de cliente, desde 2005 Crecimiento medio de sus empresas clientes en 2014: +19% en ventas. Y el 100% de las que implantaron con Lukkap aumentaron ventas. Creaci\u00f3n y difusi\u00f3n de la metodolog\u00eda de Medici\u00f3n, mejora e implantaci\u00f3n de la experiencia de cliente. 1er Premio DEC [&hellip;]<\/p>\n","protected":false},"author":1,"featured_media":0,"parent":0,"menu_order":0,"comment_status":"open","ping_status":"open","template":"","meta":{"footnotes":""},"_links":{"self":[{"href":"http:\/\/experienciadecliente.com\/index.php?rest_route=\/wp\/v2\/pages\/6"}],"collection":[{"href":"http:\/\/experienciadecliente.com\/index.php?rest_route=\/wp\/v2\/pages"}],"about":[{"href":"http:\/\/experienciadecliente.com\/index.php?rest_route=\/wp\/v2\/types\/page"}],"author":[{"embeddable":true,"href":"http:\/\/experienciadecliente.com\/index.php?rest_route=\/wp\/v2\/users\/1"}],"replies":[{"embeddable":true,"href":"http:\/\/experienciadecliente.com\/index.php?rest_route=%2Fwp%2Fv2%2Fcomments&post=6"}],"version-history":[{"count":37,"href":"http:\/\/experienciadecliente.com\/index.php?rest_route=\/wp\/v2\/pages\/6\/revisions"}],"predecessor-version":[{"id":1696,"href":"http:\/\/experienciadecliente.com\/index.php?rest_route=\/wp\/v2\/pages\/6\/revisions\/1696"}],"wp:attachment":[{"href":"http:\/\/experienciadecliente.com\/index.php?rest_route=%2Fwp%2Fv2%2Fmedia&parent=6"}],"curies":[{"name":"wp","href":"https:\/\/api.w.org\/{rel}","templated":true}]}}