{"id":2105,"date":"2016-03-31T10:09:01","date_gmt":"2016-03-31T08:09:01","guid":{"rendered":"http:\/\/www.experienciadecliente.com\/?page_id=2105"},"modified":"2020-03-31T10:12:05","modified_gmt":"2020-03-31T08:12:05","slug":"contacto","status":"publish","type":"page","link":"http:\/\/experienciadecliente.com\/?page_id=2105","title":{"rendered":"Contacto"},"content":{"rendered":"<p>&nbsp;<\/p>\n<h3 style=\"text-align: center;\">Este es un blog informativo sobre Experiencia de Cliente,<br \/>\nsi necesitas informaci\u00f3n concreta para tu compa\u00f1\u00eda o servicio<\/h3>\n<h3 style=\"text-align: center;\">Ponte en contacto con nosotros<br \/>\nPinchando <a href=\"https:\/\/www.lukkap.com\/contacto\/\">aqu\u00ed<\/a> o escribe a info@lukkap.com<\/h3>\n<p>&nbsp;<\/p>\n<p>&nbsp;<\/p>\n","protected":false},"excerpt":{"rendered":"<p>&nbsp; Este es un blog informativo sobre Experiencia de Cliente, si necesitas informaci\u00f3n concreta para tu compa\u00f1\u00eda o servicio Ponte en contacto con nosotros Pinchando aqu\u00ed o escribe a info@lukkap.com &nbsp; &nbsp;<\/p>\n","protected":false},"author":3,"featured_media":0,"parent":0,"menu_order":0,"comment_status":"open","ping_status":"open","template":"","meta":{"footnotes":""},"_links":{"self":[{"href":"http:\/\/experienciadecliente.com\/index.php?rest_route=\/wp\/v2\/pages\/2105"}],"collection":[{"href":"http:\/\/experienciadecliente.com\/index.php?rest_route=\/wp\/v2\/pages"}],"about":[{"href":"http:\/\/experienciadecliente.com\/index.php?rest_route=\/wp\/v2\/types\/page"}],"author":[{"embeddable":true,"href":"http:\/\/experienciadecliente.com\/index.php?rest_route=\/wp\/v2\/users\/3"}],"replies":[{"embeddable":true,"href":"http:\/\/experienciadecliente.com\/index.php?rest_route=%2Fwp%2Fv2%2Fcomments&post=2105"}],"version-history":[{"count":6,"href":"http:\/\/experienciadecliente.com\/index.php?rest_route=\/wp\/v2\/pages\/2105\/revisions"}],"predecessor-version":[{"id":2111,"href":"http:\/\/experienciadecliente.com\/index.php?rest_route=\/wp\/v2\/pages\/2105\/revisions\/2111"}],"wp:attachment":[{"href":"http:\/\/experienciadecliente.com\/index.php?rest_route=%2Fwp%2Fv2%2Fmedia&parent=2105"}],"curies":[{"name":"wp","href":"https:\/\/api.w.org\/{rel}","templated":true}]}}