{"id":1262,"date":"2016-04-07T14:24:48","date_gmt":"2016-04-07T12:24:48","guid":{"rendered":"http:\/\/www.experienciadecliente.com\/?page_id=1262"},"modified":"2018-02-03T18:19:01","modified_gmt":"2018-02-03T16:19:01","slug":"%c2%bfconoces-lo-que-te-hace-especial","status":"publish","type":"page","link":"http:\/\/experienciadecliente.com\/?page_id=1262","title":{"rendered":"Customer Experience: el blog n\u00ba1 en Experiencia de Cliente"},"content":{"rendered":"<p><strong>Somos el 1er blog en espa\u00f1ol sobre Customer Experience.<\/strong><\/p>\n<p>Nuestra URL lo deja claro, empezamos cuando nadie hab\u00eda empezado. Llevamos desde 2010 escribiendo de lo que nos apasiona, la metodolog\u00eda que ha cambiado el mundo, la que ha logrado un equilibrio entre lo que quiere la empresa y lo que necesita el cliente, que ha mejorado la vida de empleados y sociedad, que ha dado futuro e ingresos a las empresas, a sus personas.<\/p>\n<p>Somos pioneros en experiencia de cliente. Queremos seguir anticip\u00e1ndonos al futuro, para cambiar las cosas, para poder<strong> transformar el mundo desde Customer Experience.<\/strong><\/p>\n<p><a href=\"http:\/\/www.experienciadecliente.com\/wp-content\/uploads\/2016\/04\/Revolucion-francesa1.png\"><a href=\"http:\/\/www.experienciadecliente.com\/wp-content\/uploads\/2016\/04\/Imagen-2.png\"><img loading=\"lazy\" decoding=\"async\" class=\"aligncenter size-large wp-image-1569\" title=\"Imagen 2\" src=\"http:\/\/www.experienciadecliente.com\/wp-content\/uploads\/2016\/04\/Imagen-2-1024x585.png\" alt=\"\" width=\"1024\" height=\"585\" srcset=\"http:\/\/experienciadecliente.com\/wp-content\/uploads\/2016\/04\/Imagen-2-1024x585.png 1024w, http:\/\/experienciadecliente.com\/wp-content\/uploads\/2016\/04\/Imagen-2-300x171.png 300w, http:\/\/experienciadecliente.com\/wp-content\/uploads\/2016\/04\/Imagen-2.png 1039w\" sizes=\"(max-width: 1024px) 100vw, 1024px\" \/><\/a><br \/>\n<\/a><\/p>\n<p>Mira a tu alrededor, piensa en tu vida, en tus privilegios. Y en los privilegios del que tienes a tu lado.<\/p>\n<p>\u00bfHay alg\u00fan acontecimiento hist\u00f3rico que haya cambiado m\u00e1s nuestro d\u00eda a d\u00eda que la Revoluci\u00f3n Francesa? \u00bfA qu\u00e9 se debe el Estado del Bienestar si no es a unos cuantos colgados que se enfrentaron a lo establecido? A que creyeron que pod\u00eda haber un entorno sostenible. A que se atrevieron a derribar barreras y romper mitos para cambiar el mundo.<\/p>\n<p>Pues lo mismo es para nosotros la Experiencia de Cliente: una forma de cambiar las cosas. En <a title=\"Experience by Lukkap\" href=\"www.customerXperience.cx\">Lukkap<\/a> lo conocemos bien: ya llevamos 12 a\u00f1os haciendo esto. Lo que al principio empez\u00f3 como un juego que logr\u00e1bamos llevar a algunas empresas, pronto se convirti\u00f3 en aquello en lo que cre\u00edmos desde el principio: una metodolog\u00eda de gesti\u00f3n que supone un win-win para todos. Que transforma la forma en que trabajan cientos de millones de empleados, la vida que viven billones de consumidores.<\/p>\n<p>Por eso hacemos este blog. En homenaje a vosotros. En homenaje a los que hab\u00e9is querido transformar las cosas. A los que hab\u00e9is querido rebelaros ante los paradigmas. A los que os hab\u00e9is atrevido a hacer algo parecido a lo que un grupo de franceses hicieron en 1789.<\/p>\n<p>&nbsp;<\/p>\n<p>&nbsp;<\/p>\n<p>&nbsp;<\/p>\n","protected":false},"excerpt":{"rendered":"<p>Somos el 1er blog en espa\u00f1ol sobre Customer Experience. Nuestra URL lo deja claro, empezamos cuando nadie hab\u00eda empezado. Llevamos desde 2010 escribiendo de lo que nos apasiona, la metodolog\u00eda que ha cambiado el mundo, la que ha logrado un equilibrio entre lo que quiere la empresa y lo que necesita el cliente, que ha [&hellip;]<\/p>\n","protected":false},"author":3,"featured_media":0,"parent":0,"menu_order":0,"comment_status":"open","ping_status":"open","template":"","meta":{"footnotes":""},"_links":{"self":[{"href":"http:\/\/experienciadecliente.com\/index.php?rest_route=\/wp\/v2\/pages\/1262"}],"collection":[{"href":"http:\/\/experienciadecliente.com\/index.php?rest_route=\/wp\/v2\/pages"}],"about":[{"href":"http:\/\/experienciadecliente.com\/index.php?rest_route=\/wp\/v2\/types\/page"}],"author":[{"embeddable":true,"href":"http:\/\/experienciadecliente.com\/index.php?rest_route=\/wp\/v2\/users\/3"}],"replies":[{"embeddable":true,"href":"http:\/\/experienciadecliente.com\/index.php?rest_route=%2Fwp%2Fv2%2Fcomments&post=1262"}],"version-history":[{"count":4,"href":"http:\/\/experienciadecliente.com\/index.php?rest_route=\/wp\/v2\/pages\/1262\/revisions"}],"predecessor-version":[{"id":1565,"href":"http:\/\/experienciadecliente.com\/index.php?rest_route=\/wp\/v2\/pages\/1262\/revisions\/1565"}],"wp:attachment":[{"href":"http:\/\/experienciadecliente.com\/index.php?rest_route=%2Fwp%2Fv2%2Fmedia&parent=1262"}],"curies":[{"name":"wp","href":"https:\/\/api.w.org\/{rel}","templated":true}]}}